{"id":9607,"date":"2025-12-09T16:39:30","date_gmt":"2025-12-09T16:39:30","guid":{"rendered":"https:\/\/electrx.com\/esp\/?page_id=9607"},"modified":"2026-01-08T18:39:01","modified_gmt":"2026-01-08T18:39:01","slug":"client-success","status":"publish","type":"page","link":"https:\/\/electrx.com\/esp\/client-success\/","title":{"rendered":"Client Success"},"content":{"rendered":"\t\t<div data-elementor-type=\"wp-page\" data-elementor-id=\"9607\" class=\"elementor elementor-9607\" data-elementor-post-type=\"page\">\n\t\t\t\t<div class=\"elementor-element elementor-element-61de823f e-con-full e-flex e-con e-parent\" data-id=\"61de823f\" data-element_type=\"container\" data-e-type=\"container\" data-settings=\"{&quot;background_background&quot;:&quot;classic&quot;}\">\n\t\t<div class=\"elementor-element elementor-element-5efec12e e-con-full e-flex e-con e-child\" data-id=\"5efec12e\" data-element_type=\"container\" data-e-type=\"container\">\n\t\t\t\t<div class=\"elementor-element elementor-element-f750a09 elementor-widget__width-initial elementor-widget elementor-widget-text-editor\" data-id=\"f750a09\" data-element_type=\"widget\" data-e-type=\"widget\" data-widget_type=\"text-editor.default\">\n\t\t\t\t<div class=\"elementor-widget-container\">\n\t\t\t\t\t\t\t\t\t<h1 style=\"color: #fff; font-size: 50px; font-weight: 400;\">Un programa de importaci\u00f3n para uso personal de confianza que ofrece ahorros del <span style=\"font-weight: 900;\">40\u201360% <\/span> medicamentos recetados que cumplen los requisitos.<\/h1>\t\t\t\t\t\t\t\t<\/div>\n\t\t\t\t<\/div>\n\t\t\t\t<\/div>\n\t\t\t\t<\/div>\n\t\t<div class=\"elementor-element elementor-element-59564224 e-flex e-con-boxed e-con e-parent\" data-id=\"59564224\" data-element_type=\"container\" data-e-type=\"container\">\n\t\t\t\t\t<div class=\"e-con-inner\">\n\t\t<div class=\"elementor-element elementor-element-5fb67a38 e-con-full e-flex e-con e-child\" data-id=\"5fb67a38\" data-element_type=\"container\" data-e-type=\"container\">\n\t\t<div class=\"elementor-element elementor-element-4aa6fd2e e-con-full e-flex e-con e-child\" data-id=\"4aa6fd2e\" data-element_type=\"container\" data-e-type=\"container\">\n\t\t<div class=\"elementor-element elementor-element-b3d06e8 e-con-full e-flex e-con e-child\" data-id=\"b3d06e8\" data-element_type=\"container\" data-e-type=\"container\" data-settings=\"{&quot;background_background&quot;:&quot;classic&quot;}\">\n\t\t\t\t<\/div>\n\t\t<div class=\"elementor-element elementor-element-af2cf57 e-con-full e-flex e-con e-child\" data-id=\"af2cf57\" data-element_type=\"container\" data-e-type=\"container\">\n\t\t\t\t<div class=\"elementor-element elementor-element-4b3bf0b elementor-widget elementor-widget-text-editor\" data-id=\"4b3bf0b\" data-element_type=\"widget\" data-e-type=\"widget\" data-widget_type=\"text-editor.default\">\n\t\t\t\t<div class=\"elementor-widget-container\">\n\t\t\t\t\t\t\t\t\t<h2>C\u00f3mo ElectRx ayud\u00f3 a un fabricante de 500 empleados a ahorrar m\u00e1s de 2 millones de d\u00f3lares en costos de medicamentos recetados en cuatro a\u00f1os<\/h2>\nUn fabricante de Michigan con 500 empleados se enfrentaba a un aumento en los costos de los medicamentos recetados, especialmente los medicamentos especializados y de marca de alto costo. La empresa necesitaba encontrar una manera de ahorrar dinero sin reducir la cobertura ni aumentar los costos para sus empleados.\t\t\t\t\t\t\t\t<\/div>\n\t\t\t\t<\/div>\n\t\t\t\t<div class=\"elementor-element elementor-element-b774ca9 elementor-align-left elementor-widget elementor-widget-button\" data-id=\"b774ca9\" data-element_type=\"widget\" data-e-type=\"widget\" data-widget_type=\"button.default\">\n\t\t\t\t<div class=\"elementor-widget-container\">\n\t\t\t\t\t\t\t\t\t<div class=\"elementor-button-wrapper\">\n\t\t\t\t\t<a class=\"elementor-button elementor-button-link elementor-size-md\" href=\"https:\/\/electrx.com\/esp\/how-electrx-helped-save-over-2m\/\">\n\t\t\t\t\t\t<span class=\"elementor-button-content-wrapper\">\n\t\t\t\t\t\t\t\t\t<span class=\"elementor-button-text\">Leer m\u00e1s<\/span>\n\t\t\t\t\t<\/span>\n\t\t\t\t\t<\/a>\n\t\t\t\t<\/div>\n\t\t\t\t\t\t\t\t<\/div>\n\t\t\t\t<\/div>\n\t\t\t\t<\/div>\n\t\t\t\t<\/div>\n\t\t\t\t<\/div>\n\t\t\t\t\t<\/div>\n\t\t\t\t<\/div>\n\t\t\t\t<\/div>\n\t\t","protected":false},"excerpt":{"rendered":"<p>Un programa de importaci\u00f3n para uso personal de confianza que ofrece ahorros del 40\u201360% medicamentos recetados que cumplen los requisitos. C\u00f3mo ElectRx ayud\u00f3 a un fabricante de 500 empleados a ahorrar m\u00e1s de 2 millones de d\u00f3lares en costos de medicamentos recetados en cuatro a\u00f1os Un fabricante de Michigan con 500 empleados se enfrentaba a [&hellip;]<\/p>\n","protected":false},"author":1,"featured_media":0,"parent":0,"menu_order":0,"comment_status":"closed","ping_status":"closed","template":"elementor_header_footer","meta":{"_monsterinsights_skip_tracking":false,"_monsterinsights_sitenote_active":false,"_monsterinsights_sitenote_note":"","_monsterinsights_sitenote_category":0,"footnotes":""},"class_list":["post-9607","page","type-page","status-publish","hentry"],"_links":{"self":[{"href":"https:\/\/electrx.com\/esp\/wp-json\/wp\/v2\/pages\/9607","targetHints":{"allow":["GET"]}}],"collection":[{"href":"https:\/\/electrx.com\/esp\/wp-json\/wp\/v2\/pages"}],"about":[{"href":"https:\/\/electrx.com\/esp\/wp-json\/wp\/v2\/types\/page"}],"author":[{"embeddable":true,"href":"https:\/\/electrx.com\/esp\/wp-json\/wp\/v2\/users\/1"}],"replies":[{"embeddable":true,"href":"https:\/\/electrx.com\/esp\/wp-json\/wp\/v2\/comments?post=9607"}],"version-history":[{"count":133,"href":"https:\/\/electrx.com\/esp\/wp-json\/wp\/v2\/pages\/9607\/revisions"}],"predecessor-version":[{"id":10034,"href":"https:\/\/electrx.com\/esp\/wp-json\/wp\/v2\/pages\/9607\/revisions\/10034"}],"wp:attachment":[{"href":"https:\/\/electrx.com\/esp\/wp-json\/wp\/v2\/media?parent=9607"}],"curies":[{"name":"wp","href":"https:\/\/api.w.org\/{rel}","templated":true}]}}