{"id":8016,"date":"2025-10-30T15:19:04","date_gmt":"2025-10-30T15:19:04","guid":{"rendered":"https:\/\/electrx.com\/esp\/?page_id=8016"},"modified":"2026-01-06T22:27:44","modified_gmt":"2026-01-06T22:27:44","slug":"employer-faq","status":"publish","type":"page","link":"https:\/\/electrx.com\/esp\/employer-faq\/","title":{"rendered":"Employer FAQ"},"content":{"rendered":"\t\t<div data-elementor-type=\"wp-page\" data-elementor-id=\"8016\" class=\"elementor elementor-8016\" data-elementor-post-type=\"page\">\n\t\t\t\t\t\t<section class=\"elementor-section elementor-top-section elementor-element elementor-element-622df101 elementor-section-full_width elementor-section-height-min-height elementor-section-height-default elementor-section-items-middle\" data-id=\"622df101\" data-element_type=\"section\" data-e-type=\"section\" data-settings=\"{&quot;background_background&quot;:&quot;classic&quot;}\">\n\t\t\t\t\t\t<div class=\"elementor-container elementor-column-gap-default\">\n\t\t\t\t\t<div class=\"elementor-column elementor-col-100 elementor-top-column elementor-element elementor-element-f6c53ce\" data-id=\"f6c53ce\" data-element_type=\"column\" data-e-type=\"column\">\n\t\t\t<div class=\"elementor-widget-wrap\">\n\t\t\t\t\t\t\t<\/div>\n\t\t<\/div>\n\t\t\t\t\t<\/div>\n\t\t<\/section>\n\t\t\t\t<section class=\"elementor-section elementor-top-section elementor-element elementor-element-292c2e5a elementor-section-boxed elementor-section-height-default elementor-section-height-default\" data-id=\"292c2e5a\" data-element_type=\"section\" data-e-type=\"section\">\n\t\t\t\t\t\t<div class=\"elementor-container elementor-column-gap-default\">\n\t\t\t\t\t<div class=\"elementor-column elementor-col-100 elementor-top-column elementor-element elementor-element-51a26bd9\" data-id=\"51a26bd9\" data-element_type=\"column\" data-e-type=\"column\">\n\t\t\t<div class=\"elementor-widget-wrap elementor-element-populated\">\n\t\t\t\t\t\t<section class=\"elementor-section elementor-inner-section elementor-element elementor-element-70f83ed9 elementor-section-boxed elementor-section-height-default elementor-section-height-default\" data-id=\"70f83ed9\" data-element_type=\"section\" data-e-type=\"section\">\n\t\t\t\t\t\t<div class=\"elementor-container elementor-column-gap-default\">\n\t\t\t\t\t<div class=\"elementor-column elementor-col-50 elementor-inner-column elementor-element elementor-element-31d238ce\" data-id=\"31d238ce\" data-element_type=\"column\" data-e-type=\"column\">\n\t\t\t<div class=\"elementor-widget-wrap elementor-element-populated\">\n\t\t\t\t\t\t<div class=\"elementor-element elementor-element-58270eec elementor-widget elementor-widget-text-editor\" data-id=\"58270eec\" data-element_type=\"widget\" data-e-type=\"widget\" data-widget_type=\"text-editor.default\">\n\t\t\t\t<div class=\"elementor-widget-container\">\n\t\t\t\t\t\t\t\t\t<h1>Preguntas frecuentes<\/h1><p class=\"subhead\">\u00bfTiene preguntas? \u00a1Nosotros tenemos las respuestas!<\/p>\t\t\t\t\t\t\t\t<\/div>\n\t\t\t\t<\/div>\n\t\t\t\t<div class=\"elementor-element elementor-element-4f98797 elementor-widget elementor-widget-toggle\" data-id=\"4f98797\" data-element_type=\"widget\" data-e-type=\"widget\" data-widget_type=\"toggle.default\">\n\t\t\t\t<div class=\"elementor-widget-container\">\n\t\t\t\t\t\t\t<div class=\"elementor-toggle\">\n\t\t\t\t\t\t\t<div class=\"elementor-toggle-item\">\n\t\t\t\t\t<div id=\"elementor-tab-title-8341\" class=\"elementor-tab-title\" data-tab=\"1\" role=\"button\" aria-controls=\"elementor-tab-content-8341\" aria-expanded=\"false\">\n\t\t\t\t\t\t\t\t\t\t\t\t<span class=\"elementor-toggle-icon elementor-toggle-icon-left\" aria-hidden=\"true\">\n\t\t\t\t\t\t\t\t\t\t\t\t\t\t\t<span class=\"elementor-toggle-icon-closed\"><i class=\"fas fa-caret-right\"><\/i><\/span>\n\t\t\t\t\t\t\t\t<span class=\"elementor-toggle-icon-opened\"><i class=\"elementor-toggle-icon-opened fas fa-caret-up\"><\/i><\/span>\n\t\t\t\t\t\t\t\t\t\t\t\t\t<\/span>\n\t\t\t\t\t\t\t\t\t\t\t\t<a class=\"elementor-toggle-title\" tabindex=\"0\">\u00bfElectRx reemplaza nuestro PBM actual?<\/a>\n\t\t\t\t\t<\/div>\n\n\t\t\t\t\t<div id=\"elementor-tab-content-8341\" class=\"elementor-tab-content elementor-clearfix\" data-tab=\"1\" role=\"region\" aria-labelledby=\"elementor-tab-title-8341\"><p>No. Seguir\u00e1 trabajando con su gestor de beneficios farmac\u00e9uticos (PBM) actual, pero ElectRx le ayudar\u00e1 a reducir sus gastos en medicamentos entre un 40 % y un 70 %.<\/p><\/div>\n\t\t\t\t<\/div>\n\t\t\t\t\t\t\t<div class=\"elementor-toggle-item\">\n\t\t\t\t\t<div id=\"elementor-tab-title-8342\" class=\"elementor-tab-title\" data-tab=\"2\" role=\"button\" aria-controls=\"elementor-tab-content-8342\" aria-expanded=\"false\">\n\t\t\t\t\t\t\t\t\t\t\t\t<span class=\"elementor-toggle-icon elementor-toggle-icon-left\" aria-hidden=\"true\">\n\t\t\t\t\t\t\t\t\t\t\t\t\t\t\t<span class=\"elementor-toggle-icon-closed\"><i class=\"fas fa-caret-right\"><\/i><\/span>\n\t\t\t\t\t\t\t\t<span class=\"elementor-toggle-icon-opened\"><i class=\"elementor-toggle-icon-opened fas fa-caret-up\"><\/i><\/span>\n\t\t\t\t\t\t\t\t\t\t\t\t\t<\/span>\n\t\t\t\t\t\t\t\t\t\t\t\t<a class=\"elementor-toggle-title\" tabindex=\"0\">\u00bfSon seguros estos medicamentos?<\/a>\n\t\t\t\t\t<\/div>\n\n\t\t\t\t\t<div id=\"elementor-tab-content-8342\" class=\"elementor-tab-content elementor-clearfix\" data-tab=\"2\" role=\"region\" aria-labelledby=\"elementor-tab-title-8342\"><p>S\u00ed. Todos nuestros env\u00edos provienen de farmacias f\u00edsicas de pa\u00edses de Categor\u00eda 1: Canad\u00e1, Inglaterra, Nueva Zelanda o Australia. Los medicamentos que requieren cadena de fr\u00edo se env\u00edan desde Canad\u00e1.<\/p><\/div>\n\t\t\t\t<\/div>\n\t\t\t\t\t\t\t<div class=\"elementor-toggle-item\">\n\t\t\t\t\t<div id=\"elementor-tab-title-8343\" class=\"elementor-tab-title\" data-tab=\"3\" role=\"button\" aria-controls=\"elementor-tab-content-8343\" aria-expanded=\"false\">\n\t\t\t\t\t\t\t\t\t\t\t\t<span class=\"elementor-toggle-icon elementor-toggle-icon-left\" aria-hidden=\"true\">\n\t\t\t\t\t\t\t\t\t\t\t\t\t\t\t<span class=\"elementor-toggle-icon-closed\"><i class=\"fas fa-caret-right\"><\/i><\/span>\n\t\t\t\t\t\t\t\t<span class=\"elementor-toggle-icon-opened\"><i class=\"elementor-toggle-icon-opened fas fa-caret-up\"><\/i><\/span>\n\t\t\t\t\t\t\t\t\t\t\t\t\t<\/span>\n\t\t\t\t\t\t\t\t\t\t\t\t<a class=\"elementor-toggle-title\" tabindex=\"0\">\u00bfQui\u00e9n se encarga de los env\u00edos de medicamentos recetados?<\/a>\n\t\t\t\t\t<\/div>\n\n\t\t\t\t\t<div id=\"elementor-tab-content-8343\" class=\"elementor-tab-content elementor-clearfix\" data-tab=\"3\" role=\"region\" aria-labelledby=\"elementor-tab-title-8343\"><p>Todos los env\u00edos son procesados, empaquetados y enviados por un farmac\u00e9utico registrado. Este mismo farmac\u00e9utico tambi\u00e9n se encargar\u00e1 de los resurtidos. La farmacia se pondr\u00e1 en contacto directamente con el paciente, como lo har\u00eda cualquier farmacia en Estados Unidos. Esto garantiza la seguridad y mantiene la estructura del programa de importaci\u00f3n para uso personal de ElectRx.<\/p><\/div>\n\t\t\t\t<\/div>\n\t\t\t\t\t\t\t<div class=\"elementor-toggle-item\">\n\t\t\t\t\t<div id=\"elementor-tab-title-8344\" class=\"elementor-tab-title\" data-tab=\"4\" role=\"button\" aria-controls=\"elementor-tab-content-8344\" aria-expanded=\"false\">\n\t\t\t\t\t\t\t\t\t\t\t\t<span class=\"elementor-toggle-icon elementor-toggle-icon-left\" aria-hidden=\"true\">\n\t\t\t\t\t\t\t\t\t\t\t\t\t\t\t<span class=\"elementor-toggle-icon-closed\"><i class=\"fas fa-caret-right\"><\/i><\/span>\n\t\t\t\t\t\t\t\t<span class=\"elementor-toggle-icon-opened\"><i class=\"elementor-toggle-icon-opened fas fa-caret-up\"><\/i><\/span>\n\t\t\t\t\t\t\t\t\t\t\t\t\t<\/span>\n\t\t\t\t\t\t\t\t\t\t\t\t<a class=\"elementor-toggle-title\" tabindex=\"0\">\u00bfC\u00f3mo fomenta el programa importaci\u00f3n pra uso personal el cumplimiento del tratamiento?<\/a>\n\t\t\t\t\t<\/div>\n\n\t\t\t\t\t<div id=\"elementor-tab-content-8344\" class=\"elementor-tab-content elementor-clearfix\" data-tab=\"4\" role=\"region\" aria-labelledby=\"elementor-tab-title-8344\"><p>Al reducir los costos de los medicamentos recetados, la importaci\u00f3n para uso personal fomenta el cumplimiento del tratamiento por parte de todos los miembros del plan, lo que se traduce en un menor n\u00famero de visitas a urgencias y hospitalizaciones.<\/p><\/div>\n\t\t\t\t<\/div>\n\t\t\t\t\t\t\t\t<\/div>\n\t\t\t\t\t\t<\/div>\n\t\t\t\t<\/div>\n\t\t\t\t\t<\/div>\n\t\t<\/div>\n\t\t\t\t<div class=\"elementor-column elementor-col-50 elementor-inner-column elementor-element elementor-element-1aa56032\" data-id=\"1aa56032\" data-element_type=\"column\" data-e-type=\"column\">\n\t\t\t<div class=\"elementor-widget-wrap elementor-element-populated\">\n\t\t\t\t\t\t<div class=\"elementor-element elementor-element-4597e91 elementor-widget elementor-widget-sidebar\" data-id=\"4597e91\" data-element_type=\"widget\" data-e-type=\"widget\" data-widget_type=\"sidebar.default\">\n\t\t\t\t<div class=\"elementor-widget-container\">\n\t\t\t\t\t<div class=\"widget widget_block\"><div class=\"widget-content\"><div class=\"sidebar\">\n<p>Consulte la <a href=\"https:\/\/electrx.com\/esp\/wp-content\/uploads\/2026\/01\/ElectRX_Flyer_2025_Digital_ESP_POSTING.pdf\" target=\"_blank\">lista parcial de medicamentos<\/a><\/strong> que incluye una lista de los medicamentos comunes disponibles. Tenga en cuenta que la disponibilidad de los medicamentos var\u00eda seg\u00fan el plan de beneficios farmac\u00e9uticos de cada empleador en los Estados Unidos. Para obtener m\u00e1s informaci\u00f3n, comun\u00edquese con el Departamento de Beneficios para Empleados, Recursos Humanos o llame a ElectRx al <a href=\"tel:8553532879\"><strong>(855) 353-2879<\/strong><\/a>.<\/p><\/div><\/div><\/div><div class=\"widget widget_block\"><div class=\"widget-content\"><!--<div class=\"sidebar\">\n<h2 class=\"sidebarheader\" style=\"color:#fff\">Start Saving Today<\/h2>\n<h3 style=\"margin-top:-15px;color:#73cee6;margin-bottom:5px;\">ElectRx<\/h3>\n<b><a href=\"tel:8553532879\" style=\"color:#fff\">(855) ElectRx |<\/a>\n<a href=\"tel:8553532879\" style=\"color:#fff\">(855) 353-2879<\/a><\/b>\n\n\n<\/div>--><\/div><\/div><div class=\"widget widget_block\"><div class=\"widget-content\"><!--<div class=\"sidebar\">\n<h2 class=\"sidebarheader\" style=\"color:#fff;margin-bottom:5px;\">Never Miss a <span style=\"color:#73cee6\">Refill<\/span><\/h2>\n<span style=\"color:#fff\">The pharmacy will let you know when it\u2019s time for a refill.<\/span>\n\n<\/div>--><\/div><\/div><div class=\"widget widget_block widget_text\"><div class=\"widget-content\">\n<p><\/p>\n<\/div><\/div>\t\t\t\t<\/div>\n\t\t\t\t<\/div>\n\t\t\t\t\t<\/div>\n\t\t<\/div>\n\t\t\t\t\t<\/div>\n\t\t<\/section>\n\t\t\t\t\t<\/div>\n\t\t<\/div>\n\t\t\t\t\t<\/div>\n\t\t<\/section>\n\t\t\t\t<\/div>\n\t\t","protected":false},"excerpt":{"rendered":"<p>Preguntas frecuentes \u00bfTiene preguntas? \u00a1Nosotros tenemos las respuestas! \u00bfElectRx reemplaza nuestro PBM actual? No. Seguir\u00e1 trabajando con su gestor de beneficios farmac\u00e9uticos (PBM) actual, pero ElectRx le ayudar\u00e1 a reducir sus gastos en medicamentos entre un 40 % y un 70 %. \u00bfSon seguros estos medicamentos? S\u00ed. Todos nuestros env\u00edos provienen de farmacias f\u00edsicas de [&hellip;]<\/p>\n","protected":false},"author":1,"featured_media":0,"parent":0,"menu_order":0,"comment_status":"closed","ping_status":"closed","template":"elementor_header_footer","meta":{"_monsterinsights_skip_tracking":false,"_monsterinsights_sitenote_active":false,"_monsterinsights_sitenote_note":"","_monsterinsights_sitenote_category":0,"footnotes":""},"class_list":["post-8016","page","type-page","status-publish","hentry"],"_links":{"self":[{"href":"https:\/\/electrx.com\/esp\/wp-json\/wp\/v2\/pages\/8016","targetHints":{"allow":["GET"]}}],"collection":[{"href":"https:\/\/electrx.com\/esp\/wp-json\/wp\/v2\/pages"}],"about":[{"href":"https:\/\/electrx.com\/esp\/wp-json\/wp\/v2\/types\/page"}],"author":[{"embeddable":true,"href":"https:\/\/electrx.com\/esp\/wp-json\/wp\/v2\/users\/1"}],"replies":[{"embeddable":true,"href":"https:\/\/electrx.com\/esp\/wp-json\/wp\/v2\/comments?post=8016"}],"version-history":[{"count":14,"href":"https:\/\/electrx.com\/esp\/wp-json\/wp\/v2\/pages\/8016\/revisions"}],"predecessor-version":[{"id":10006,"href":"https:\/\/electrx.com\/esp\/wp-json\/wp\/v2\/pages\/8016\/revisions\/10006"}],"wp:attachment":[{"href":"https:\/\/electrx.com\/esp\/wp-json\/wp\/v2\/media?parent=8016"}],"curies":[{"name":"wp","href":"https:\/\/api.w.org\/{rel}","templated":true}]}}