{"id":7999,"date":"2025-10-30T15:19:05","date_gmt":"2025-10-30T15:19:05","guid":{"rendered":"https:\/\/electrx.com\/esp\/?page_id=7999"},"modified":"2026-01-28T17:39:29","modified_gmt":"2026-01-28T17:39:29","slug":"the-onboarding-process","status":"publish","type":"page","link":"https:\/\/electrx.com\/esp\/the-onboarding-process\/","title":{"rendered":"The Onboarding Process"},"content":{"rendered":"\t\t<div data-elementor-type=\"wp-page\" data-elementor-id=\"7999\" class=\"elementor elementor-7999\" data-elementor-post-type=\"page\">\n\t\t\t\t<div class=\"elementor-element elementor-element-88e1f41 e-con-full e-flex e-con e-parent\" data-id=\"88e1f41\" data-element_type=\"container\" data-e-type=\"container\" data-settings=\"{&quot;background_background&quot;:&quot;classic&quot;}\">\n\t\t<div class=\"elementor-element elementor-element-ca28b5e e-con-full e-flex e-con e-child\" data-id=\"ca28b5e\" data-element_type=\"container\" data-e-type=\"container\">\n\t\t\t\t<\/div>\n\t\t\t\t<\/div>\n\t\t\t\t<section class=\"elementor-section elementor-top-section elementor-element elementor-element-6dac66c1 elementor-section-boxed elementor-section-height-default elementor-section-height-default\" data-id=\"6dac66c1\" data-element_type=\"section\" data-e-type=\"section\">\n\t\t\t\t\t\t<div class=\"elementor-container elementor-column-gap-default\">\n\t\t\t\t\t<div class=\"elementor-column elementor-col-100 elementor-top-column elementor-element elementor-element-602ceb75\" data-id=\"602ceb75\" data-element_type=\"column\" data-e-type=\"column\">\n\t\t\t<div class=\"elementor-widget-wrap elementor-element-populated\">\n\t\t\t\t\t\t<section class=\"elementor-section elementor-inner-section elementor-element elementor-element-f4ca2eb elementor-section-boxed elementor-section-height-default elementor-section-height-default\" data-id=\"f4ca2eb\" data-element_type=\"section\" data-e-type=\"section\">\n\t\t\t\t\t\t<div class=\"elementor-container elementor-column-gap-default\">\n\t\t\t\t\t<div class=\"elementor-column elementor-col-50 elementor-inner-column elementor-element elementor-element-1790ac9d\" data-id=\"1790ac9d\" data-element_type=\"column\" data-e-type=\"column\">\n\t\t\t<div class=\"elementor-widget-wrap elementor-element-populated\">\n\t\t\t\t\t\t<div class=\"elementor-element elementor-element-2db882d2 elementor-widget elementor-widget-text-editor\" data-id=\"2db882d2\" data-element_type=\"widget\" data-e-type=\"widget\" data-widget_type=\"text-editor.default\">\n\t\t\t\t<div class=\"elementor-widget-container\">\n\t\t\t\t\t\t\t\t\t<h1>El proceso de incorporaci\u00f3n<\/h1><p class=\"subhead\">D\u00e9 el siguiente paso con ElectRx.<\/p><p>Asociarse con ElectRx es sencillo. Al registrarse en nuestros servicios, hay algunos pasos que deber\u00e1 seguir:<\/p><ol><li><b>Complete el formulario de<em> Detalles del nuevo cliente<\/em>. <\/b><br \/>Puede completarlo en l\u00ednea o por tel\u00e9fono.<\/li><li><b>Trabaje con el personal de ElectRx para establecer conexiones SFTP y configurar un programa regular de transferencia de archivos de elegibilidad. <\/b><br \/>Tambi\u00e9n trabajaremos con su gestor de beneficios farmac\u00e9uticos (PBM) para identificar oportunidades adicionales de ahorro de costos.<\/li><li><b>Desarrolle una <a href=\"https:\/\/electrx.com\/esp\/wp-content\/uploads\/2026\/01\/ElectRX_Flyer_2025_Digital_ESP_POSTING.pdf\" target=\"_blank\" rel=\"noopener\">Lista parcial de medicamentos<\/a> disponible para su grupo demogr\u00e1fico.<\/b><br \/>Juntos, crearemos la lista de medicamentos preferidos bas\u00e1ndonos en las reclamaciones de su empresa y las necesidades de su grupo demogr\u00e1fico.<\/li><li><b>Comun\u00edquese con sus empleados. <\/b><br \/>Utilice los materiales de marketing que le proporcionamos y comp\u00e1rtalos con sus empleados. El equipo de ElectRx est\u00e1 a su disposici\u00f3n para brindarle apoyo y ayudar a sus empleados a comenzar.<\/li><\/ol><p>Estamos listos para ayudarle a usted y a su organizaci\u00f3n a ahorrar en medicamentos recetados. \u00a1Llame al <a href=\"tel:8553532879\"><strong>(855) 353-2879<\/strong><\/a> para comenzar!<\/p>\t\t\t\t\t\t\t\t<\/div>\n\t\t\t\t<\/div>\n\t\t\t\t\t<\/div>\n\t\t<\/div>\n\t\t\t\t<div class=\"elementor-column elementor-col-50 elementor-inner-column elementor-element elementor-element-4267e040\" data-id=\"4267e040\" data-element_type=\"column\" data-e-type=\"column\">\n\t\t\t<div class=\"elementor-widget-wrap elementor-element-populated\">\n\t\t\t\t\t\t<div class=\"elementor-element elementor-element-4a674dcd elementor-widget elementor-widget-sidebar\" data-id=\"4a674dcd\" data-element_type=\"widget\" data-e-type=\"widget\" data-widget_type=\"sidebar.default\">\n\t\t\t\t<div class=\"elementor-widget-container\">\n\t\t\t\t\t<div class=\"widget widget_block\"><div class=\"widget-content\"><div class=\"sidebar\">\n<p>Consulte la <a href=\"https:\/\/electrx.com\/esp\/wp-content\/uploads\/2026\/01\/ElectRX_Flyer_2025_Digital_ESP_POSTING.pdf\" target=\"_blank\">lista parcial de medicamentos<\/a><\/strong> que incluye una lista de los medicamentos comunes disponibles. Tenga en cuenta que la disponibilidad de los medicamentos var\u00eda seg\u00fan el plan de beneficios farmac\u00e9uticos de cada empleador en los Estados Unidos. Para obtener m\u00e1s informaci\u00f3n, comun\u00edquese con el Departamento de Beneficios para Empleados, Recursos Humanos o llame a ElectRx al <a href=\"tel:8553532879\"><strong>(855) 353-2879<\/strong><\/a>.<\/p><\/div><\/div><\/div><div class=\"widget widget_block\"><div class=\"widget-content\"><!--<div class=\"sidebar\">\n<h2 class=\"sidebarheader\" style=\"color:#fff\">Start Saving Today<\/h2>\n<h3 style=\"margin-top:-15px;color:#73cee6;margin-bottom:5px;\">ElectRx<\/h3>\n<b><a href=\"tel:8553532879\" style=\"color:#fff\">(855) ElectRx |<\/a>\n<a href=\"tel:8553532879\" style=\"color:#fff\">(855) 353-2879<\/a><\/b>\n\n\n<\/div>--><\/div><\/div><div class=\"widget widget_block\"><div class=\"widget-content\"><!--<div class=\"sidebar\">\n<h2 class=\"sidebarheader\" style=\"color:#fff;margin-bottom:5px;\">Never Miss a <span style=\"color:#73cee6\">Refill<\/span><\/h2>\n<span style=\"color:#fff\">The pharmacy will let you know when it\u2019s time for a refill.<\/span>\n\n<\/div>--><\/div><\/div><div class=\"widget widget_block widget_text\"><div class=\"widget-content\">\n<p><\/p>\n<\/div><\/div>\t\t\t\t<\/div>\n\t\t\t\t<\/div>\n\t\t\t\t\t<\/div>\n\t\t<\/div>\n\t\t\t\t\t<\/div>\n\t\t<\/section>\n\t\t\t\t\t<\/div>\n\t\t<\/div>\n\t\t\t\t\t<\/div>\n\t\t<\/section>\n\t\t\t\t<\/div>\n\t\t","protected":false},"excerpt":{"rendered":"<p>El proceso de incorporaci\u00f3n D\u00e9 el siguiente paso con ElectRx. Asociarse con ElectRx es sencillo. Al registrarse en nuestros servicios, hay algunos pasos que deber\u00e1 seguir: Complete el formulario de Detalles del nuevo cliente. Puede completarlo en l\u00ednea o por tel\u00e9fono. Trabaje con el personal de ElectRx para establecer conexiones SFTP y configurar un programa [&hellip;]<\/p>\n","protected":false},"author":1,"featured_media":0,"parent":0,"menu_order":0,"comment_status":"closed","ping_status":"closed","template":"elementor_header_footer","meta":{"_monsterinsights_skip_tracking":false,"_monsterinsights_sitenote_active":false,"_monsterinsights_sitenote_note":"","_monsterinsights_sitenote_category":0,"footnotes":""},"class_list":["post-7999","page","type-page","status-publish","hentry"],"_links":{"self":[{"href":"https:\/\/electrx.com\/esp\/wp-json\/wp\/v2\/pages\/7999","targetHints":{"allow":["GET"]}}],"collection":[{"href":"https:\/\/electrx.com\/esp\/wp-json\/wp\/v2\/pages"}],"about":[{"href":"https:\/\/electrx.com\/esp\/wp-json\/wp\/v2\/types\/page"}],"author":[{"embeddable":true,"href":"https:\/\/electrx.com\/esp\/wp-json\/wp\/v2\/users\/1"}],"replies":[{"embeddable":true,"href":"https:\/\/electrx.com\/esp\/wp-json\/wp\/v2\/comments?post=7999"}],"version-history":[{"count":28,"href":"https:\/\/electrx.com\/esp\/wp-json\/wp\/v2\/pages\/7999\/revisions"}],"predecessor-version":[{"id":10089,"href":"https:\/\/electrx.com\/esp\/wp-json\/wp\/v2\/pages\/7999\/revisions\/10089"}],"wp:attachment":[{"href":"https:\/\/electrx.com\/esp\/wp-json\/wp\/v2\/media?parent=7999"}],"curies":[{"name":"wp","href":"https:\/\/api.w.org\/{rel}","templated":true}]}}