{"id":7994,"date":"2025-10-30T15:19:05","date_gmt":"2025-10-30T15:19:05","guid":{"rendered":"https:\/\/electrx.com\/esp\/?page_id=7994"},"modified":"2026-01-06T20:29:56","modified_gmt":"2026-01-06T20:29:56","slug":"why-electrx","status":"publish","type":"page","link":"https:\/\/electrx.com\/esp\/why-electrx\/","title":{"rendered":"Why ElectRx"},"content":{"rendered":"\t\t<div data-elementor-type=\"wp-page\" data-elementor-id=\"7994\" class=\"elementor elementor-7994\" data-elementor-post-type=\"page\">\n\t\t\t\t<div class=\"elementor-element elementor-element-2ecaf1c e-con-full e-flex e-con e-parent\" data-id=\"2ecaf1c\" data-element_type=\"container\" data-e-type=\"container\" data-settings=\"{&quot;background_background&quot;:&quot;classic&quot;}\">\n\t\t<div class=\"elementor-element elementor-element-3a2ae8d e-con-full e-flex e-con e-child\" data-id=\"3a2ae8d\" data-element_type=\"container\" data-e-type=\"container\">\n\t\t\t\t<\/div>\n\t\t\t\t<\/div>\n\t\t\t\t<section class=\"elementor-section elementor-top-section elementor-element elementor-element-43a060b3 elementor-section-boxed elementor-section-height-default elementor-section-height-default\" data-id=\"43a060b3\" data-element_type=\"section\" data-e-type=\"section\">\n\t\t\t\t\t\t<div class=\"elementor-container elementor-column-gap-default\">\n\t\t\t\t\t<div class=\"elementor-column elementor-col-100 elementor-top-column elementor-element elementor-element-7acd51ea\" data-id=\"7acd51ea\" data-element_type=\"column\" data-e-type=\"column\">\n\t\t\t<div class=\"elementor-widget-wrap elementor-element-populated\">\n\t\t\t\t\t\t<section class=\"elementor-section elementor-inner-section elementor-element elementor-element-d2dcac4 elementor-section-boxed elementor-section-height-default elementor-section-height-default\" data-id=\"d2dcac4\" data-element_type=\"section\" data-e-type=\"section\">\n\t\t\t\t\t\t<div class=\"elementor-container elementor-column-gap-default\">\n\t\t\t\t\t<div class=\"elementor-column elementor-col-50 elementor-inner-column elementor-element elementor-element-7224aebd\" data-id=\"7224aebd\" data-element_type=\"column\" data-e-type=\"column\">\n\t\t\t<div class=\"elementor-widget-wrap elementor-element-populated\">\n\t\t\t\t\t\t<div class=\"elementor-element elementor-element-1ce98efc elementor-widget elementor-widget-text-editor\" data-id=\"1ce98efc\" data-element_type=\"widget\" data-e-type=\"widget\" data-widget_type=\"text-editor.default\">\n\t\t\t\t<div class=\"elementor-widget-container\">\n\t\t\t\t\t\t\t\t\t<h1>\u00bfPor qu\u00e9 ElectRx?<\/h1><p>Reduzca los costos de los medicamentos recetados para su empresa y sus empleados.<\/p><h2>Experimente la diferencia de ElectRx<\/h2><p>En ElectRx, entendemos que desea ofrecer y mantener beneficios significativos y asequibles para sus empleados. Por eso trabajamos con su plan de salud para ofrecer el programa de importaci\u00f3n para uso personal (PI). La importaci\u00f3n para uso personal reduce los costos del plan y los costos para los empleados.<\/p><h3>Aspectos destacados del programa<\/h3><ul><li>Usted y sus empleados obtienen descuentos en medicamentos de marca y especializados<\/li><li>Reduce sus costos de medicamentos recetados entre un 40 % y un 70 %<\/li><li>El costo compartido para los empleados es de $0<\/li><li>Servicio al cliente con sede en EE. UU.<\/li><li>Promueve el cumplimiento del tratamiento m\u00e9dico, lo que resulta en menos reclamaciones m\u00e9dicas relacionadas con centros de atenci\u00f3n<\/li><\/ul><h3>La diferencia de ElectRx<\/h3><p>As\u00ed es como nos diferenciamos de otros proveedores:<\/p><ul><li>La importaci\u00f3n para uso personal (PI, por sus siglas en ingl\u00e9s) de medicamentos recetados desde pa\u00edses de Categor\u00eda 1 puede generar ahorros sustanciales tanto para los empleados como para el plan de salud. Muchos medicamentos de marca se pueden adquirir con descuentos de entre el 40\u00a0% y el 70\u00a0% en comparaci\u00f3n con los precios de la red de farmacias actual.<\/li><li>Contamos con seguros de responsabilidad civil general, ciberseguridad y errores y omisiones para cubrir todos los riesgos.<\/li><li>Nuestro objetivo principal son sus empleados y sus dependientes. Facilitamos la obtenci\u00f3n de medicamentos recetados, incluyendo los resurtidos, de forma sencilla y asequible.<\/li><li>La trazabilidad, el cuidado, la custodia y el control de los medicamentos a lo largo de la cadena de suministro son fundamentales para nosotros. Esto se aplica tambi\u00e9n a nuestras farmacias asociadas, donde los est\u00e1ndares profesionales y farmac\u00e9uticos son la m\u00e1xima prioridad. Estas medidas y requisitos garantizan los m\u00e1s altos niveles de seguridad. Todos los medicamentos de marca se entregan en su envase original sellado de f\u00e1brica, provenientes del fabricante autorizado, y son completamente bioequivalentes a las versiones aprobadas por la FDA.<\/li><li>Los medicamentos que requieren cadena de fr\u00edo y control de temperatura pueden enviarse desde Canad\u00e1 en neveras port\u00e1tiles altamente especializadas que mantienen un control estricto de la temperatura.<\/li><li>Todos los env\u00edos de medicamentos son gestionados por farmac\u00e9uticos con licencia en farmacias f\u00edsicas altamente reguladas en pa\u00edses de Categor\u00eda 1. Estos pa\u00edses incluyen Canad\u00e1, Nueva Zelanda, Australia e Inglaterra. Los requisitos reglamentarios y las normas de seguridad que rigen los medicamentos para consumo humano en estos pa\u00edses de Categor\u00eda 1 son similares o superiores a los de la FDA en Estados Unidos.<\/li><\/ul>\t\t\t\t\t\t\t\t<\/div>\n\t\t\t\t<\/div>\n\t\t\t\t\t<\/div>\n\t\t<\/div>\n\t\t\t\t<div class=\"elementor-column elementor-col-50 elementor-inner-column elementor-element elementor-element-485c8097\" data-id=\"485c8097\" data-element_type=\"column\" data-e-type=\"column\">\n\t\t\t<div class=\"elementor-widget-wrap elementor-element-populated\">\n\t\t\t\t\t\t<div class=\"elementor-element elementor-element-57d6c403 elementor-widget elementor-widget-sidebar\" data-id=\"57d6c403\" data-element_type=\"widget\" data-e-type=\"widget\" data-widget_type=\"sidebar.default\">\n\t\t\t\t<div class=\"elementor-widget-container\">\n\t\t\t\t\t<div class=\"widget widget_block\"><div class=\"widget-content\"><div class=\"sidebar\">\n<p>Consulte la <a href=\"https:\/\/electrx.com\/esp\/wp-content\/uploads\/2026\/01\/ElectRX_Flyer_2025_Digital_ESP_POSTING.pdf\" target=\"_blank\">lista parcial de medicamentos<\/a><\/strong> que incluye una lista de los medicamentos comunes disponibles. Tenga en cuenta que la disponibilidad de los medicamentos var\u00eda seg\u00fan el plan de beneficios farmac\u00e9uticos de cada empleador en los Estados Unidos. Para obtener m\u00e1s informaci\u00f3n, comun\u00edquese con el Departamento de Beneficios para Empleados, Recursos Humanos o llame a ElectRx al <a href=\"tel:8553532879\"><strong>(855) 353-2879<\/strong><\/a>.<\/p><\/div><\/div><\/div><div class=\"widget widget_block\"><div class=\"widget-content\"><!--<div class=\"sidebar\">\n<h2 class=\"sidebarheader\" style=\"color:#fff\">Start Saving Today<\/h2>\n<h3 style=\"margin-top:-15px;color:#73cee6;margin-bottom:5px;\">ElectRx<\/h3>\n<b><a href=\"tel:8553532879\" style=\"color:#fff\">(855) ElectRx |<\/a>\n<a href=\"tel:8553532879\" style=\"color:#fff\">(855) 353-2879<\/a><\/b>\n\n\n<\/div>--><\/div><\/div><div class=\"widget widget_block\"><div class=\"widget-content\"><!--<div class=\"sidebar\">\n<h2 class=\"sidebarheader\" style=\"color:#fff;margin-bottom:5px;\">Never Miss a <span style=\"color:#73cee6\">Refill<\/span><\/h2>\n<span style=\"color:#fff\">The pharmacy will let you know when it\u2019s time for a refill.<\/span>\n\n<\/div>--><\/div><\/div><div class=\"widget widget_block widget_text\"><div class=\"widget-content\">\n<p><\/p>\n<\/div><\/div>\t\t\t\t<\/div>\n\t\t\t\t<\/div>\n\t\t\t\t\t<\/div>\n\t\t<\/div>\n\t\t\t\t\t<\/div>\n\t\t<\/section>\n\t\t\t\t\t<\/div>\n\t\t<\/div>\n\t\t\t\t\t<\/div>\n\t\t<\/section>\n\t\t\t\t<\/div>\n\t\t","protected":false},"excerpt":{"rendered":"<p>\u00bfPor qu\u00e9 ElectRx? Reduzca los costos de los medicamentos recetados para su empresa y sus empleados. Experimente la diferencia de ElectRx En ElectRx, entendemos que desea ofrecer y mantener beneficios significativos y asequibles para sus empleados. Por eso trabajamos con su plan de salud para ofrecer el programa de importaci\u00f3n para uso personal (PI). La [&hellip;]<\/p>\n","protected":false},"author":1,"featured_media":0,"parent":0,"menu_order":0,"comment_status":"closed","ping_status":"closed","template":"elementor_header_footer","meta":{"_monsterinsights_skip_tracking":false,"_monsterinsights_sitenote_active":false,"_monsterinsights_sitenote_note":"","_monsterinsights_sitenote_category":0,"footnotes":""},"class_list":["post-7994","page","type-page","status-publish","hentry"],"_links":{"self":[{"href":"https:\/\/electrx.com\/esp\/wp-json\/wp\/v2\/pages\/7994","targetHints":{"allow":["GET"]}}],"collection":[{"href":"https:\/\/electrx.com\/esp\/wp-json\/wp\/v2\/pages"}],"about":[{"href":"https:\/\/electrx.com\/esp\/wp-json\/wp\/v2\/types\/page"}],"author":[{"embeddable":true,"href":"https:\/\/electrx.com\/esp\/wp-json\/wp\/v2\/users\/1"}],"replies":[{"embeddable":true,"href":"https:\/\/electrx.com\/esp\/wp-json\/wp\/v2\/comments?post=7994"}],"version-history":[{"count":22,"href":"https:\/\/electrx.com\/esp\/wp-json\/wp\/v2\/pages\/7994\/revisions"}],"predecessor-version":[{"id":9977,"href":"https:\/\/electrx.com\/esp\/wp-json\/wp\/v2\/pages\/7994\/revisions\/9977"}],"wp:attachment":[{"href":"https:\/\/electrx.com\/esp\/wp-json\/wp\/v2\/media?parent=7994"}],"curies":[{"name":"wp","href":"https:\/\/api.w.org\/{rel}","templated":true}]}}