{"id":7886,"date":"2025-10-30T15:19:05","date_gmt":"2025-10-30T15:19:05","guid":{"rendered":"https:\/\/electrx.com\/esp\/?page_id=7886"},"modified":"2026-01-28T17:38:41","modified_gmt":"2026-01-28T17:38:41","slug":"rx-list","status":"publish","type":"page","link":"https:\/\/electrx.com\/esp\/rx-list\/","title":{"rendered":"RX list"},"content":{"rendered":"\t\t<div data-elementor-type=\"wp-page\" data-elementor-id=\"7886\" class=\"elementor elementor-7886\" data-elementor-post-type=\"page\">\n\t\t\t\t<div class=\"elementor-element elementor-element-a37451b e-con-full e-flex e-con e-parent\" data-id=\"a37451b\" data-element_type=\"container\" data-e-type=\"container\" data-settings=\"{&quot;background_background&quot;:&quot;classic&quot;}\">\n\t\t<div class=\"elementor-element elementor-element-f4e009d e-con-full e-flex e-con e-child\" data-id=\"f4e009d\" data-element_type=\"container\" data-e-type=\"container\">\n\t\t\t\t<\/div>\n\t\t\t\t<\/div>\n\t\t\t\t<section class=\"elementor-section elementor-top-section elementor-element elementor-element-3e40faf elementor-section-boxed elementor-section-height-default elementor-section-height-default\" data-id=\"3e40faf\" data-element_type=\"section\" data-e-type=\"section\">\n\t\t\t\t\t\t<div class=\"elementor-container elementor-column-gap-default\">\n\t\t\t\t\t<div class=\"elementor-column elementor-col-50 elementor-top-column elementor-element elementor-element-a0f19e2\" data-id=\"a0f19e2\" data-element_type=\"column\" data-e-type=\"column\">\n\t\t\t<div class=\"elementor-widget-wrap elementor-element-populated\">\n\t\t\t\t\t\t<div class=\"elementor-element elementor-element-7b37838 elementor-widget elementor-widget-text-editor\" data-id=\"7b37838\" data-element_type=\"widget\" data-e-type=\"widget\" data-widget_type=\"text-editor.default\">\n\t\t\t\t<div class=\"elementor-widget-container\">\n\t\t\t\t\t\t\t\t\t<h1>Lista parcial de medicamentos<\/h1><p class=\"subhead\">\u00bfEst\u00e1 su medicamento en la lista?<\/p><p>El programa de importaci\u00f3n para uso personal ofrece una amplia variedad de medicamentos de marca y especializados provenientes de farmacias internacionales con licencia y establecimientos f\u00edsicos, a precios considerablemente reducidos. Si usted o un familiar est\u00e1n tomando alguno de los medicamentos de marca o especializados de alto costo que figuran en nuestra lista, ElectRx puede ser la soluci\u00f3n ideal.<\/p><p>Consulte la <a href=\"https:\/\/electrx.com\/esp\/wp-content\/uploads\/2026\/01\/ElectRX_Flyer_2025_Digital_ESP_POSTING.pdf\" target=\"_blank\" rel=\"noopener\">lista parcial de medicamentos<\/a> que incluye una lista de los medicamentos comunes disponibles. Tenga en cuenta que la disponibilidad de los medicamentos var\u00eda seg\u00fan el plan de beneficios farmac\u00e9uticos de cada empleador en los Estados Unidos. Para obtener m\u00e1s informaci\u00f3n, comun\u00edquese con el Departamento de Beneficios para Empleados, Recursos Humanos o llame a ElectRx al <a href=\"tel:8553532879\"><strong>(855) 353-2879<\/strong><\/a>.<\/p><p><b>Nota: <\/b>La importaci\u00f3n para uso personal es la opci\u00f3n m\u00e1s adecuada para quienes necesitan medicamentos de mantenimiento o de uso regular. No ofrecemos antibi\u00f3ticos ni medicamentos para tratamientos de corta duraci\u00f3n.<\/p>\t\t\t\t\t\t\t\t<\/div>\n\t\t\t\t<\/div>\n\t\t\t\t\t<\/div>\n\t\t<\/div>\n\t\t\t\t<div class=\"elementor-column elementor-col-50 elementor-top-column elementor-element elementor-element-bb0d789\" data-id=\"bb0d789\" data-element_type=\"column\" data-e-type=\"column\">\n\t\t\t<div class=\"elementor-widget-wrap elementor-element-populated\">\n\t\t\t\t\t\t<div class=\"elementor-element elementor-element-cc6b117 elementor-widget elementor-widget-sidebar\" data-id=\"cc6b117\" data-element_type=\"widget\" data-e-type=\"widget\" data-widget_type=\"sidebar.default\">\n\t\t\t\t<div class=\"elementor-widget-container\">\n\t\t\t\t\t<div class=\"widget widget_block\"><div class=\"widget-content\"><div class=\"sidebar\">\n<p>Consulte la <a href=\"https:\/\/electrx.com\/esp\/wp-content\/uploads\/2026\/01\/ElectRX_Flyer_2025_Digital_ESP_POSTING.pdf\" target=\"_blank\">lista parcial de medicamentos<\/a><\/strong> que incluye una lista de los medicamentos comunes disponibles. Tenga en cuenta que la disponibilidad de los medicamentos var\u00eda seg\u00fan el plan de beneficios farmac\u00e9uticos de cada empleador en los Estados Unidos. Para obtener m\u00e1s informaci\u00f3n, comun\u00edquese con el Departamento de Beneficios para Empleados, Recursos Humanos o llame a ElectRx al <a href=\"tel:8553532879\"><strong>(855) 353-2879<\/strong><\/a>.<\/p><\/div><\/div><\/div><div class=\"widget widget_block\"><div class=\"widget-content\"><!--<div class=\"sidebar\">\n<h2 class=\"sidebarheader\" style=\"color:#fff\">Start Saving Today<\/h2>\n<h3 style=\"margin-top:-15px;color:#73cee6;margin-bottom:5px;\">ElectRx<\/h3>\n<b><a href=\"tel:8553532879\" style=\"color:#fff\">(855) ElectRx |<\/a>\n<a href=\"tel:8553532879\" style=\"color:#fff\">(855) 353-2879<\/a><\/b>\n\n\n<\/div>--><\/div><\/div><div class=\"widget widget_block\"><div class=\"widget-content\"><!--<div class=\"sidebar\">\n<h2 class=\"sidebarheader\" style=\"color:#fff;margin-bottom:5px;\">Never Miss a <span style=\"color:#73cee6\">Refill<\/span><\/h2>\n<span style=\"color:#fff\">The pharmacy will let you know when it\u2019s time for a refill.<\/span>\n\n<\/div>--><\/div><\/div><div class=\"widget widget_block widget_text\"><div class=\"widget-content\">\n<p><\/p>\n<\/div><\/div>\t\t\t\t<\/div>\n\t\t\t\t<\/div>\n\t\t\t\t\t<\/div>\n\t\t<\/div>\n\t\t\t\t\t<\/div>\n\t\t<\/section>\n\t\t\t\t<\/div>\n\t\t","protected":false},"excerpt":{"rendered":"<p>Lista parcial de medicamentos \u00bfEst\u00e1 su medicamento en la lista? El programa de importaci\u00f3n para uso personal ofrece una amplia variedad de medicamentos de marca y especializados provenientes de farmacias internacionales con licencia y establecimientos f\u00edsicos, a precios considerablemente reducidos. Si usted o un familiar est\u00e1n tomando alguno de los medicamentos de marca o especializados [&hellip;]<\/p>\n","protected":false},"author":1,"featured_media":0,"parent":0,"menu_order":0,"comment_status":"closed","ping_status":"closed","template":"elementor_header_footer","meta":{"_monsterinsights_skip_tracking":false,"_monsterinsights_sitenote_active":false,"_monsterinsights_sitenote_note":"","_monsterinsights_sitenote_category":0,"footnotes":""},"class_list":["post-7886","page","type-page","status-publish","hentry"],"_links":{"self":[{"href":"https:\/\/electrx.com\/esp\/wp-json\/wp\/v2\/pages\/7886","targetHints":{"allow":["GET"]}}],"collection":[{"href":"https:\/\/electrx.com\/esp\/wp-json\/wp\/v2\/pages"}],"about":[{"href":"https:\/\/electrx.com\/esp\/wp-json\/wp\/v2\/types\/page"}],"author":[{"embeddable":true,"href":"https:\/\/electrx.com\/esp\/wp-json\/wp\/v2\/users\/1"}],"replies":[{"embeddable":true,"href":"https:\/\/electrx.com\/esp\/wp-json\/wp\/v2\/comments?post=7886"}],"version-history":[{"count":33,"href":"https:\/\/electrx.com\/esp\/wp-json\/wp\/v2\/pages\/7886\/revisions"}],"predecessor-version":[{"id":10086,"href":"https:\/\/electrx.com\/esp\/wp-json\/wp\/v2\/pages\/7886\/revisions\/10086"}],"wp:attachment":[{"href":"https:\/\/electrx.com\/esp\/wp-json\/wp\/v2\/media?parent=7886"}],"curies":[{"name":"wp","href":"https:\/\/api.w.org\/{rel}","templated":true}]}}