{"id":7800,"date":"2025-10-30T15:19:04","date_gmt":"2025-10-30T15:19:04","guid":{"rendered":"https:\/\/electrx.com\/esp\/?page_id=7800"},"modified":"2026-01-06T18:53:20","modified_gmt":"2026-01-06T18:53:20","slug":"contact-us","status":"publish","type":"page","link":"https:\/\/electrx.com\/esp\/contact-us\/","title":{"rendered":"contact us"},"content":{"rendered":"\t\t<div data-elementor-type=\"wp-page\" data-elementor-id=\"7800\" class=\"elementor elementor-7800\" data-elementor-post-type=\"page\">\n\t\t\t\t\t\t<section class=\"elementor-section elementor-top-section elementor-element elementor-element-ddf4bb0 elementor-section-full_width elementor-section-height-min-height elementor-section-height-default elementor-section-items-middle\" data-id=\"ddf4bb0\" data-element_type=\"section\" data-e-type=\"section\" data-settings=\"{&quot;background_background&quot;:&quot;classic&quot;}\">\n\t\t\t\t\t\t<div class=\"elementor-container elementor-column-gap-default\">\n\t\t\t\t\t<div class=\"elementor-column elementor-col-100 elementor-top-column elementor-element elementor-element-2647fe89\" data-id=\"2647fe89\" data-element_type=\"column\" data-e-type=\"column\">\n\t\t\t<div class=\"elementor-widget-wrap\">\n\t\t\t\t\t\t\t<\/div>\n\t\t<\/div>\n\t\t\t\t\t<\/div>\n\t\t<\/section>\n\t\t\t\t<section class=\"elementor-section elementor-top-section elementor-element elementor-element-4eaa41bd elementor-section-boxed elementor-section-height-default elementor-section-height-default\" data-id=\"4eaa41bd\" data-element_type=\"section\" data-e-type=\"section\">\n\t\t\t\t\t\t<div class=\"elementor-container elementor-column-gap-default\">\n\t\t\t\t\t<div class=\"elementor-column elementor-col-100 elementor-top-column elementor-element elementor-element-4f051e34\" data-id=\"4f051e34\" data-element_type=\"column\" data-e-type=\"column\">\n\t\t\t<div class=\"elementor-widget-wrap elementor-element-populated\">\n\t\t\t\t\t\t<section class=\"elementor-section elementor-inner-section elementor-element elementor-element-38bf98b6 elementor-section-boxed elementor-section-height-default elementor-section-height-default\" data-id=\"38bf98b6\" data-element_type=\"section\" data-e-type=\"section\">\n\t\t\t\t\t\t<div class=\"elementor-container elementor-column-gap-default\">\n\t\t\t\t\t<div class=\"elementor-column elementor-col-100 elementor-inner-column elementor-element elementor-element-3e115eb\" data-id=\"3e115eb\" data-element_type=\"column\" data-e-type=\"column\">\n\t\t\t<div class=\"elementor-widget-wrap elementor-element-populated\">\n\t\t\t\t\t\t<div class=\"elementor-element elementor-element-68a5421c elementor-widget elementor-widget-text-editor\" data-id=\"68a5421c\" data-element_type=\"widget\" data-e-type=\"widget\" data-widget_type=\"text-editor.default\">\n\t\t\t\t<div class=\"elementor-widget-container\">\n\t\t\t\t\t\t\t\t\t<h1>Cont\u00e1ctenos<\/h1>\t\t\t\t\t\t\t\t<\/div>\n\t\t\t\t<\/div>\n\t\t\t\t\t<\/div>\n\t\t<\/div>\n\t\t\t\t\t<\/div>\n\t\t<\/section>\n\t\t\t\t<section class=\"elementor-section elementor-inner-section elementor-element elementor-element-accd8ab elementor-section-boxed elementor-section-height-default elementor-section-height-default\" data-id=\"accd8ab\" data-element_type=\"section\" data-e-type=\"section\">\n\t\t\t\t\t\t<div class=\"elementor-container elementor-column-gap-default\">\n\t\t\t\t\t<div class=\"elementor-column elementor-col-33 elementor-inner-column elementor-element elementor-element-96cbf5c\" data-id=\"96cbf5c\" data-element_type=\"column\" data-e-type=\"column\">\n\t\t\t<div class=\"elementor-widget-wrap elementor-element-populated\">\n\t\t\t\t\t\t<div class=\"elementor-element elementor-element-29d0d98 elementor-widget elementor-widget-text-editor\" data-id=\"29d0d98\" data-element_type=\"widget\" data-e-type=\"widget\" data-widget_type=\"text-editor.default\">\n\t\t\t\t<div class=\"elementor-widget-container\">\n\t\t\t\t\t\t\t\t\t<p><strong>Tel\u00e9fono<\/strong><br \/><strong><a href=\"tel:8553532879\">(855) 353-2879<\/a><\/strong><br \/><a href=\"tel:8553532879\"><strong>(855) ELECTRx<\/strong><\/a><\/p><p><strong>Fax<\/strong><br \/><strong><a href=\"tel:8333532879\">(833) 353-2879<\/a><\/strong> <br \/><a href=\"tel:8333532879\"><strong>(833) ELECTRx<\/strong><\/a><\/p><p><strong>Correo electr\u00f3nico<\/strong><br \/><a href=\"mailto:Info@ElectRx.com\">info@electrx.com<\/a><\/p>\t\t\t\t\t\t\t\t<\/div>\n\t\t\t\t<\/div>\n\t\t\t\t\t<\/div>\n\t\t<\/div>\n\t\t\t\t<div class=\"elementor-column elementor-col-33 elementor-inner-column elementor-element elementor-element-b3b131e\" data-id=\"b3b131e\" data-element_type=\"column\" data-e-type=\"column\">\n\t\t\t<div class=\"elementor-widget-wrap elementor-element-populated\">\n\t\t\t\t\t\t<div class=\"elementor-element elementor-element-5b5cc18 elementor-widget elementor-widget-text-editor\" data-id=\"5b5cc18\" data-element_type=\"widget\" data-e-type=\"widget\" data-widget_type=\"text-editor.default\">\n\t\t\t\t<div class=\"elementor-widget-container\">\n\t\t\t\t\t\t\t\t\t<p><strong>Servicios para miembros<\/strong><br \/>276 South Logan St.<br \/>Elyria, OH 44035<\/p><p><strong>Direcci\u00f3n postal<\/strong><br \/>P.O. Box 2017<br \/>Elyria, OH 44036<\/p>\t\t\t\t\t\t\t\t<\/div>\n\t\t\t\t<\/div>\n\t\t\t\t\t<\/div>\n\t\t<\/div>\n\t\t\t\t<div class=\"elementor-column elementor-col-33 elementor-inner-column elementor-element elementor-element-b154dab\" data-id=\"b154dab\" data-element_type=\"column\" data-e-type=\"column\">\n\t\t\t<div class=\"elementor-widget-wrap elementor-element-populated\">\n\t\t\t\t\t\t<div class=\"elementor-element elementor-element-42ea895 elementor-widget elementor-widget-sidebar\" data-id=\"42ea895\" data-element_type=\"widget\" data-e-type=\"widget\" data-widget_type=\"sidebar.default\">\n\t\t\t\t<div class=\"elementor-widget-container\">\n\t\t\t\t\t<div class=\"widget widget_block\"><div class=\"widget-content\"><div class=\"sidebar\">\n<p>Consulte la <a href=\"https:\/\/electrx.com\/esp\/wp-content\/uploads\/2026\/01\/ElectRX_Flyer_2025_Digital_ESP_POSTING.pdf\" target=\"_blank\">lista parcial de medicamentos<\/a><\/strong> que incluye una lista de los medicamentos comunes disponibles. Tenga en cuenta que la disponibilidad de los medicamentos var\u00eda seg\u00fan el plan de beneficios farmac\u00e9uticos de cada empleador en los Estados Unidos. Para obtener m\u00e1s informaci\u00f3n, comun\u00edquese con el Departamento de Beneficios para Empleados, Recursos Humanos o llame a ElectRx al <a href=\"tel:8553532879\"><strong>(855) 353-2879<\/strong><\/a>.<\/p><\/div><\/div><\/div><div class=\"widget widget_block\"><div class=\"widget-content\"><!--<div class=\"sidebar\">\n<h2 class=\"sidebarheader\" style=\"color:#fff\">Start Saving Today<\/h2>\n<h3 style=\"margin-top:-15px;color:#73cee6;margin-bottom:5px;\">ElectRx<\/h3>\n<b><a href=\"tel:8553532879\" style=\"color:#fff\">(855) ElectRx |<\/a>\n<a href=\"tel:8553532879\" style=\"color:#fff\">(855) 353-2879<\/a><\/b>\n\n\n<\/div>--><\/div><\/div><div class=\"widget widget_block\"><div class=\"widget-content\"><!--<div class=\"sidebar\">\n<h2 class=\"sidebarheader\" style=\"color:#fff;margin-bottom:5px;\">Never Miss a <span style=\"color:#73cee6\">Refill<\/span><\/h2>\n<span style=\"color:#fff\">The pharmacy will let you know when it\u2019s time for a refill.<\/span>\n\n<\/div>--><\/div><\/div><div class=\"widget widget_block widget_text\"><div class=\"widget-content\">\n<p><\/p>\n<\/div><\/div>\t\t\t\t<\/div>\n\t\t\t\t<\/div>\n\t\t\t\t\t<\/div>\n\t\t<\/div>\n\t\t\t\t\t<\/div>\n\t\t<\/section>\n\t\t\t\t\t<\/div>\n\t\t<\/div>\n\t\t\t\t\t<\/div>\n\t\t<\/section>\n\t\t\t\t<\/div>\n\t\t","protected":false},"excerpt":{"rendered":"<p>Cont\u00e1ctenos Tel\u00e9fono(855) 353-2879(855) ELECTRx Fax(833) 353-2879 (833) ELECTRx Correo electr\u00f3nicoinfo@electrx.com Servicios para miembros276 South Logan St.Elyria, OH 44035 Direcci\u00f3n postalP.O. Box 2017Elyria, OH 44036<\/p>\n","protected":false},"author":1,"featured_media":0,"parent":0,"menu_order":0,"comment_status":"closed","ping_status":"closed","template":"elementor_header_footer","meta":{"_monsterinsights_skip_tracking":false,"_monsterinsights_sitenote_active":false,"_monsterinsights_sitenote_note":"","_monsterinsights_sitenote_category":0,"footnotes":""},"class_list":["post-7800","page","type-page","status-publish","hentry"],"_links":{"self":[{"href":"https:\/\/electrx.com\/esp\/wp-json\/wp\/v2\/pages\/7800","targetHints":{"allow":["GET"]}}],"collection":[{"href":"https:\/\/electrx.com\/esp\/wp-json\/wp\/v2\/pages"}],"about":[{"href":"https:\/\/electrx.com\/esp\/wp-json\/wp\/v2\/types\/page"}],"author":[{"embeddable":true,"href":"https:\/\/electrx.com\/esp\/wp-json\/wp\/v2\/users\/1"}],"replies":[{"embeddable":true,"href":"https:\/\/electrx.com\/esp\/wp-json\/wp\/v2\/comments?post=7800"}],"version-history":[{"count":10,"href":"https:\/\/electrx.com\/esp\/wp-json\/wp\/v2\/pages\/7800\/revisions"}],"predecessor-version":[{"id":9955,"href":"https:\/\/electrx.com\/esp\/wp-json\/wp\/v2\/pages\/7800\/revisions\/9955"}],"wp:attachment":[{"href":"https:\/\/electrx.com\/esp\/wp-json\/wp\/v2\/media?parent=7800"}],"curies":[{"name":"wp","href":"https:\/\/api.w.org\/{rel}","templated":true}]}}