{"id":4872,"date":"2025-10-30T15:19:04","date_gmt":"2025-10-30T15:19:04","guid":{"rendered":"https:\/\/electrx.com\/esp\/?page_id=4872"},"modified":"2026-02-03T21:32:02","modified_gmt":"2026-02-03T21:32:02","slug":"home","status":"publish","type":"page","link":"https:\/\/electrx.com\/esp\/","title":{"rendered":"Home"},"content":{"rendered":"\t\t<div data-elementor-type=\"wp-page\" data-elementor-id=\"4872\" class=\"elementor elementor-4872\" data-elementor-post-type=\"page\">\n\t\t\t\t<div class=\"elementor-element elementor-element-d6ca59c e-con-full e-flex e-con e-parent\" data-id=\"d6ca59c\" data-element_type=\"container\" data-e-type=\"container\" data-settings=\"{&quot;background_background&quot;:&quot;classic&quot;}\">\n\t\t<div class=\"elementor-element elementor-element-439aa38 e-flex e-con-boxed e-con e-child\" data-id=\"439aa38\" data-element_type=\"container\" data-e-type=\"container\" data-settings=\"{&quot;background_background&quot;:&quot;classic&quot;}\">\n\t\t\t\t\t<div class=\"e-con-inner\">\n\t\t\t\t<div class=\"elementor-element elementor-element-f356aac elementor-widget elementor-widget-text-editor\" data-id=\"f356aac\" data-element_type=\"widget\" data-e-type=\"widget\" data-widget_type=\"text-editor.default\">\n\t\t\t\t<div class=\"elementor-widget-container\">\n\t\t\t\t\t\t\t\t\t<p>Bienvenido a ElectRx<\/p>\t\t\t\t\t\t\t\t<\/div>\n\t\t\t\t<\/div>\n\t\t\t\t<div class=\"elementor-element elementor-element-c09736e elementor-widget elementor-widget-text-editor\" data-id=\"c09736e\" data-element_type=\"widget\" data-e-type=\"widget\" data-widget_type=\"text-editor.default\">\n\t\t\t\t<div class=\"elementor-widget-container\">\n\t\t\t\t\t\t\t\t\t<p>Ahorre en grande. Mant\u00e9ngase saludable.<\/p>\t\t\t\t\t\t\t\t<\/div>\n\t\t\t\t<\/div>\n\t\t<div class=\"elementor-element elementor-element-cfb1a1f e-con-full e-flex e-con e-child\" data-id=\"cfb1a1f\" data-element_type=\"container\" data-e-type=\"container\">\n\t\t<div class=\"elementor-element elementor-element-a8f1494 e-con-full e-flex e-con e-child\" data-id=\"a8f1494\" data-element_type=\"container\" data-e-type=\"container\">\n\t\t\t\t<div class=\"elementor-element elementor-element-370380a elementor-widget elementor-widget-text-editor\" data-id=\"370380a\" data-element_type=\"widget\" data-e-type=\"widget\" data-widget_type=\"text-editor.default\">\n\t\t\t\t<div class=\"elementor-widget-container\">\n\t\t\t\t\t\t\t\t\t<p>M\u00e1s de 500,000 recetas m\u00e9dicas<\/p>\t\t\t\t\t\t\t\t<\/div>\n\t\t\t\t<\/div>\n\t\t\t\t<\/div>\n\t\t<div class=\"elementor-element elementor-element-d810728 e-con-full e-flex e-con e-child\" data-id=\"d810728\" data-element_type=\"container\" data-e-type=\"container\">\n\t\t\t\t<div class=\"elementor-element elementor-element-9be780e elementor-widget elementor-widget-text-editor\" data-id=\"9be780e\" data-element_type=\"widget\" data-e-type=\"widget\" data-widget_type=\"text-editor.default\">\n\t\t\t\t<div class=\"elementor-widget-container\">\n\t\t\t\t\t\t\t\t\t<p><span data-olk-copy-source=\"MessageBody\">$250 millones en ahorros para nuestros clientes<\/span><\/p>\t\t\t\t\t\t\t\t<\/div>\n\t\t\t\t<\/div>\n\t\t\t\t<\/div>\n\t\t<div class=\"elementor-element elementor-element-01cd3c8 e-con-full e-flex e-con e-child\" data-id=\"01cd3c8\" data-element_type=\"container\" data-e-type=\"container\">\n\t\t\t\t<div class=\"elementor-element elementor-element-dff0a28 elementor-widget elementor-widget-text-editor\" data-id=\"dff0a28\" data-element_type=\"widget\" data-e-type=\"widget\" data-widget_type=\"text-editor.default\">\n\t\t\t\t<div class=\"elementor-widget-container\">\n\t\t\t\t\t\t\t\t\t<p>Servicio de atenci\u00f3n al cliente con sede en Estados Unidos<\/p>\t\t\t\t\t\t\t\t<\/div>\n\t\t\t\t<\/div>\n\t\t\t\t<\/div>\n\t\t\t\t<\/div>\n\t\t\t\t\t<\/div>\n\t\t\t\t<\/div>\n\t\t\t\t<\/div>\n\t\t<div class=\"elementor-element elementor-element-54975f2 e-flex e-con-boxed e-con e-parent\" data-id=\"54975f2\" data-element_type=\"container\" data-e-type=\"container\">\n\t\t\t\t\t<div class=\"e-con-inner\">\n\t\t<div class=\"elementor-element elementor-element-7690ff2 e-con-full e-flex e-con e-child\" data-id=\"7690ff2\" data-element_type=\"container\" data-e-type=\"container\">\n\t\t\t\t<div class=\"elementor-element elementor-element-eed0519 elementor-widget elementor-widget-text-editor\" data-id=\"eed0519\" data-element_type=\"widget\" data-e-type=\"widget\" data-widget_type=\"text-editor.default\">\n\t\t\t\t<div class=\"elementor-widget-container\">\n\t\t\t\t\t\t\t\t\t<p>Descubra c\u00f3mo ElectRx transforma el ahorro en medicamentos recetados. Dedique unos minutos a explorar el sitio web y vea c\u00f3mo nuestro programa funciona para reducir los costos, tanto para su empresa como para sus empleados.<\/p>\t\t\t\t\t\t\t\t<\/div>\n\t\t\t\t<\/div>\n\t\t\t\t<\/div>\n\t\t\t\t\t<\/div>\n\t\t\t\t<\/div>\n\t\t<div class=\"elementor-element elementor-element-736b19e4 e-flex e-con-boxed e-con e-parent\" data-id=\"736b19e4\" data-element_type=\"container\" data-e-type=\"container\">\n\t\t\t\t\t<div class=\"e-con-inner\">\n\t\t<div class=\"elementor-element elementor-element-65b5aea7 e-con-full e-flex e-con e-child\" data-id=\"65b5aea7\" data-element_type=\"container\" data-e-type=\"container\" id=\"dental\" data-settings=\"{&quot;background_background&quot;:&quot;classic&quot;}\">\n\t\t\t\t<div class=\"elementor-element elementor-element-5217552c elementor-position-top elementor-widget elementor-widget-image-box\" data-id=\"5217552c\" data-element_type=\"widget\" data-e-type=\"widget\" data-settings=\"{&quot;_animation&quot;:&quot;none&quot;}\" data-widget_type=\"image-box.default\">\n\t\t\t\t<div class=\"elementor-widget-container\">\n\t\t\t\t\t<div class=\"elementor-image-box-wrapper\"><figure class=\"elementor-image-box-img\"><a href=\"https:\/\/electrx.com\/esp\/index.php\/why-electrx\/\" tabindex=\"-1\"><img fetchpriority=\"high\" decoding=\"async\" width=\"900\" height=\"678\" src=\"https:\/\/electrx.com\/esp\/wp-content\/uploads\/2025\/12\/iStock-2227153583-web.jpg\" class=\"attachment-full size-full wp-image-9871\" alt=\"\" srcset=\"https:\/\/electrx.com\/esp\/wp-content\/uploads\/2025\/12\/iStock-2227153583-web.jpg 900w, https:\/\/electrx.com\/esp\/wp-content\/uploads\/2025\/12\/iStock-2227153583-web-300x226.jpg 300w, https:\/\/electrx.com\/esp\/wp-content\/uploads\/2025\/12\/iStock-2227153583-web-768x579.jpg 768w\" sizes=\"(max-width: 900px) 100vw, 900px\" \/><\/a><\/figure><div class=\"elementor-image-box-content\"><h3 class=\"elementor-image-box-title\"><a href=\"https:\/\/electrx.com\/esp\/index.php\/why-electrx\/\">\u00bfPor qu\u00e9 ElectRx?<\/a><\/h3><p class=\"elementor-image-box-description\">\u00a1Vea lo que nos distingue <br>como la mejor opci\u00f3n para usted!<\/p><\/div><\/div>\t\t\t\t<\/div>\n\t\t\t\t<\/div>\n\t\t\t\t<div class=\"elementor-element elementor-element-7ebd40c1 elementor-align-center elementor-widget elementor-widget-button\" data-id=\"7ebd40c1\" data-element_type=\"widget\" data-e-type=\"widget\" data-widget_type=\"button.default\">\n\t\t\t\t<div class=\"elementor-widget-container\">\n\t\t\t\t\t\t\t\t\t<div class=\"elementor-button-wrapper\">\n\t\t\t\t\t<a class=\"elementor-button elementor-button-link elementor-size-sm\" href=\"https:\/\/electrx.com\/esp\/index.php\/why-electrx\/\">\n\t\t\t\t\t\t<span class=\"elementor-button-content-wrapper\">\n\t\t\t\t\t\t\t\t\t<span class=\"elementor-button-text\">M\u00e1s informaci\u00f3n<\/span>\n\t\t\t\t\t<\/span>\n\t\t\t\t\t<\/a>\n\t\t\t\t<\/div>\n\t\t\t\t\t\t\t\t<\/div>\n\t\t\t\t<\/div>\n\t\t\t\t<\/div>\n\t\t<div class=\"elementor-element elementor-element-4d38c285 e-con-full e-flex e-con e-child\" data-id=\"4d38c285\" data-element_type=\"container\" data-e-type=\"container\" id=\"vision\" data-settings=\"{&quot;background_background&quot;:&quot;classic&quot;}\">\n\t\t\t\t<div class=\"elementor-element elementor-element-397c465a elementor-position-top elementor-widget elementor-widget-image-box\" data-id=\"397c465a\" data-element_type=\"widget\" data-e-type=\"widget\" data-settings=\"{&quot;_animation&quot;:&quot;none&quot;}\" data-widget_type=\"image-box.default\">\n\t\t\t\t<div class=\"elementor-widget-container\">\n\t\t\t\t\t<div class=\"elementor-image-box-wrapper\"><figure class=\"elementor-image-box-img\"><a href=\"https:\/\/electrx.com\/esp\/index.php\/the-onboarding-process\/\" tabindex=\"-1\"><img decoding=\"async\" width=\"900\" height=\"678\" src=\"https:\/\/electrx.com\/esp\/wp-content\/uploads\/2026\/01\/iStock-1450788989-web3.jpg\" class=\"attachment-full size-full wp-image-9932\" alt=\"\" srcset=\"https:\/\/electrx.com\/esp\/wp-content\/uploads\/2026\/01\/iStock-1450788989-web3.jpg 900w, https:\/\/electrx.com\/esp\/wp-content\/uploads\/2026\/01\/iStock-1450788989-web3-300x226.jpg 300w, https:\/\/electrx.com\/esp\/wp-content\/uploads\/2026\/01\/iStock-1450788989-web3-768x579.jpg 768w\" sizes=\"(max-width: 900px) 100vw, 900px\" \/><\/a><\/figure><div class=\"elementor-image-box-content\"><h3 class=\"elementor-image-box-title\"><a href=\"https:\/\/electrx.com\/esp\/index.php\/the-onboarding-process\/\">El proceso de incorporaci\u00f3n<\/a><\/h3><p class=\"elementor-image-box-description\">\u00a1Cuatro sencillos pasos para empezar!<br><br><\/p><\/div><\/div>\t\t\t\t<\/div>\n\t\t\t\t<\/div>\n\t\t\t\t<div class=\"elementor-element elementor-element-653bf73 elementor-align-center elementor-widget elementor-widget-button\" data-id=\"653bf73\" data-element_type=\"widget\" data-e-type=\"widget\" data-widget_type=\"button.default\">\n\t\t\t\t<div class=\"elementor-widget-container\">\n\t\t\t\t\t\t\t\t\t<div class=\"elementor-button-wrapper\">\n\t\t\t\t\t<a class=\"elementor-button elementor-button-link elementor-size-sm\" href=\"https:\/\/electrx.com\/esp\/index.php\/the-onboarding-process\/\">\n\t\t\t\t\t\t<span class=\"elementor-button-content-wrapper\">\n\t\t\t\t\t\t\t\t\t<span class=\"elementor-button-text\">M\u00e1s informaci\u00f3n<\/span>\n\t\t\t\t\t<\/span>\n\t\t\t\t\t<\/a>\n\t\t\t\t<\/div>\n\t\t\t\t\t\t\t\t<\/div>\n\t\t\t\t<\/div>\n\t\t\t\t<\/div>\n\t\t<div class=\"elementor-element elementor-element-7bc195ea e-con-full e-flex e-con e-child\" data-id=\"7bc195ea\" data-element_type=\"container\" data-e-type=\"container\" data-settings=\"{&quot;background_background&quot;:&quot;classic&quot;}\">\n\t\t\t\t<div class=\"elementor-element elementor-element-7efd956d elementor-position-top elementor-widget elementor-widget-image-box\" data-id=\"7efd956d\" data-element_type=\"widget\" data-e-type=\"widget\" data-settings=\"{&quot;_animation&quot;:&quot;none&quot;}\" data-widget_type=\"image-box.default\">\n\t\t\t\t<div class=\"elementor-widget-container\">\n\t\t\t\t\t<div class=\"elementor-image-box-wrapper\"><figure class=\"elementor-image-box-img\"><a href=\"https:\/\/electrx.com\/esp\/index.php\/employer-faq\/\" tabindex=\"-1\"><img decoding=\"async\" width=\"900\" height=\"678\" src=\"https:\/\/electrx.com\/esp\/wp-content\/uploads\/2026\/01\/iStock-2214735943-web2.jpg\" class=\"attachment-full size-full wp-image-9913\" alt=\"\" srcset=\"https:\/\/electrx.com\/esp\/wp-content\/uploads\/2026\/01\/iStock-2214735943-web2.jpg 900w, https:\/\/electrx.com\/esp\/wp-content\/uploads\/2026\/01\/iStock-2214735943-web2-300x226.jpg 300w, https:\/\/electrx.com\/esp\/wp-content\/uploads\/2026\/01\/iStock-2214735943-web2-768x579.jpg 768w\" sizes=\"(max-width: 900px) 100vw, 900px\" \/><\/a><\/figure><div class=\"elementor-image-box-content\"><h3 class=\"elementor-image-box-title\"><a href=\"https:\/\/electrx.com\/esp\/index.php\/employer-faq\/\">Preguntas frecuentes<\/a><\/h3><p class=\"elementor-image-box-description\">\u00bfTiene preguntas? Nosotros <br>tenemos las respuestas.<br><br><\/p><\/div><\/div>\t\t\t\t<\/div>\n\t\t\t\t<\/div>\n\t\t\t\t<div class=\"elementor-element elementor-element-273720a8 elementor-align-center elementor-widget elementor-widget-button\" data-id=\"273720a8\" data-element_type=\"widget\" data-e-type=\"widget\" data-widget_type=\"button.default\">\n\t\t\t\t<div class=\"elementor-widget-container\">\n\t\t\t\t\t\t\t\t\t<div class=\"elementor-button-wrapper\">\n\t\t\t\t\t<a class=\"elementor-button elementor-button-link elementor-size-sm\" href=\"https:\/\/electrx.com\/esp\/index.php\/employer-faq\/\">\n\t\t\t\t\t\t<span class=\"elementor-button-content-wrapper\">\n\t\t\t\t\t\t\t\t\t<span class=\"elementor-button-text\">M\u00e1s informaci\u00f3n<\/span>\n\t\t\t\t\t<\/span>\n\t\t\t\t\t<\/a>\n\t\t\t\t<\/div>\n\t\t\t\t\t\t\t\t<\/div>\n\t\t\t\t<\/div>\n\t\t\t\t<\/div>\n\t\t\t\t\t<\/div>\n\t\t\t\t<\/div>\n\t\t<div class=\"elementor-element elementor-element-7114e73 e-flex e-con-boxed e-con e-parent\" data-id=\"7114e73\" data-element_type=\"container\" data-e-type=\"container\">\n\t\t\t\t\t<div class=\"e-con-inner\">\n\t\t<div class=\"elementor-element elementor-element-8eecf09 e-con-full e-flex e-con e-child\" data-id=\"8eecf09\" data-element_type=\"container\" data-e-type=\"container\" id=\"medical\" data-settings=\"{&quot;background_background&quot;:&quot;classic&quot;}\">\n\t\t\t\t<div class=\"elementor-element elementor-element-596dd273 elementor-position-top elementor-widget elementor-widget-image-box\" data-id=\"596dd273\" data-element_type=\"widget\" data-e-type=\"widget\" data-settings=\"{&quot;_animation&quot;:&quot;none&quot;}\" data-widget_type=\"image-box.default\">\n\t\t\t\t<div class=\"elementor-widget-container\">\n\t\t\t\t\t<div class=\"elementor-image-box-wrapper\"><figure class=\"elementor-image-box-img\"><a href=\"https:\/\/electrx.com\/esp\/importacion-personal\/\" tabindex=\"-1\"><img loading=\"lazy\" decoding=\"async\" width=\"900\" height=\"678\" src=\"https:\/\/electrx.com\/esp\/wp-content\/uploads\/2025\/12\/iStock-1454421077-web.jpg\" class=\"attachment-full size-full wp-image-9865\" alt=\"\" srcset=\"https:\/\/electrx.com\/esp\/wp-content\/uploads\/2025\/12\/iStock-1454421077-web.jpg 900w, https:\/\/electrx.com\/esp\/wp-content\/uploads\/2025\/12\/iStock-1454421077-web-300x226.jpg 300w, https:\/\/electrx.com\/esp\/wp-content\/uploads\/2025\/12\/iStock-1454421077-web-768x579.jpg 768w\" sizes=\"(max-width: 900px) 100vw, 900px\" \/><\/a><\/figure><div class=\"elementor-image-box-content\"><h3 class=\"elementor-image-box-title\"><a href=\"https:\/\/electrx.com\/esp\/importacion-personal\/\"> C\u00f3mo funciona la importaci\u00f3n de medicamentos para uso personal<\/a><\/h3><p class=\"elementor-image-box-description\">Descubra c\u00f3mo ElectRx puede ayudarle a usted y a sus empleados a ahorrar en medicamentos recetados<\/p><\/div><\/div>\t\t\t\t<\/div>\n\t\t\t\t<\/div>\n\t\t\t\t<div class=\"elementor-element elementor-element-42e1054e elementor-align-center elementor-widget elementor-widget-button\" data-id=\"42e1054e\" data-element_type=\"widget\" data-e-type=\"widget\" data-widget_type=\"button.default\">\n\t\t\t\t<div class=\"elementor-widget-container\">\n\t\t\t\t\t\t\t\t\t<div class=\"elementor-button-wrapper\">\n\t\t\t\t\t<a class=\"elementor-button elementor-button-link elementor-size-sm\" href=\"https:\/\/electrx.com\/esp\/importacion-personal\/\">\n\t\t\t\t\t\t<span class=\"elementor-button-content-wrapper\">\n\t\t\t\t\t\t\t\t\t<span class=\"elementor-button-text\">M\u00e1s informaci\u00f3n<\/span>\n\t\t\t\t\t<\/span>\n\t\t\t\t\t<\/a>\n\t\t\t\t<\/div>\n\t\t\t\t\t\t\t\t<\/div>\n\t\t\t\t<\/div>\n\t\t\t\t<\/div>\n\t\t<div class=\"elementor-element elementor-element-427fa650 e-con-full e-flex e-con e-child\" data-id=\"427fa650\" data-element_type=\"container\" data-e-type=\"container\" data-settings=\"{&quot;background_background&quot;:&quot;classic&quot;}\">\n\t\t\t\t<div class=\"elementor-element elementor-element-432a4f74 elementor-position-top elementor-widget elementor-widget-image-box\" data-id=\"432a4f74\" data-element_type=\"widget\" data-e-type=\"widget\" data-settings=\"{&quot;_animation&quot;:&quot;none&quot;}\" data-widget_type=\"image-box.default\">\n\t\t\t\t<div class=\"elementor-widget-container\">\n\t\t\t\t\t<div class=\"elementor-image-box-wrapper\"><figure class=\"elementor-image-box-img\"><a href=\"https:\/\/electrx.com\/esp\/index.php\/about-us\/\" tabindex=\"-1\"><img loading=\"lazy\" decoding=\"async\" width=\"900\" height=\"678\" src=\"https:\/\/electrx.com\/esp\/wp-content\/uploads\/2025\/12\/iStock-2186241294-web.jpg\" class=\"attachment-full size-full wp-image-9864\" alt=\"\" srcset=\"https:\/\/electrx.com\/esp\/wp-content\/uploads\/2025\/12\/iStock-2186241294-web.jpg 900w, https:\/\/electrx.com\/esp\/wp-content\/uploads\/2025\/12\/iStock-2186241294-web-300x226.jpg 300w, https:\/\/electrx.com\/esp\/wp-content\/uploads\/2025\/12\/iStock-2186241294-web-768x579.jpg 768w\" sizes=\"(max-width: 900px) 100vw, 900px\" \/><\/a><\/figure><div class=\"elementor-image-box-content\"><h3 class=\"elementor-image-box-title\"><a href=\"https:\/\/electrx.com\/esp\/index.php\/about-us\/\">Sobre nosotros<\/a><\/h3><p class=\"elementor-image-box-description\">Aprenda c\u00f3mo llegamos a donde <br>estamos hoy.<br><br><br><\/p><\/div><\/div>\t\t\t\t<\/div>\n\t\t\t\t<\/div>\n\t\t\t\t<div class=\"elementor-element elementor-element-2d8bb20d elementor-align-center elementor-widget elementor-widget-button\" data-id=\"2d8bb20d\" data-element_type=\"widget\" data-e-type=\"widget\" data-widget_type=\"button.default\">\n\t\t\t\t<div class=\"elementor-widget-container\">\n\t\t\t\t\t\t\t\t\t<div class=\"elementor-button-wrapper\">\n\t\t\t\t\t<a class=\"elementor-button elementor-button-link elementor-size-sm\" href=\"https:\/\/electrx.com\/esp\/index.php\/about-us\/\">\n\t\t\t\t\t\t<span class=\"elementor-button-content-wrapper\">\n\t\t\t\t\t\t\t\t\t<span class=\"elementor-button-text\">M\u00e1s informaci\u00f3n<\/span>\n\t\t\t\t\t<\/span>\n\t\t\t\t\t<\/a>\n\t\t\t\t<\/div>\n\t\t\t\t\t\t\t\t<\/div>\n\t\t\t\t<\/div>\n\t\t\t\t<\/div>\n\t\t<div class=\"elementor-element elementor-element-6f864498 e-con-full e-flex e-con e-child\" data-id=\"6f864498\" data-element_type=\"container\" data-e-type=\"container\" data-settings=\"{&quot;background_background&quot;:&quot;classic&quot;}\">\n\t\t\t\t<div class=\"elementor-element elementor-element-5f78a299 elementor-position-top elementor-widget elementor-widget-image-box\" data-id=\"5f78a299\" data-element_type=\"widget\" data-e-type=\"widget\" data-settings=\"{&quot;_animation&quot;:&quot;none&quot;}\" data-widget_type=\"image-box.default\">\n\t\t\t\t<div class=\"elementor-widget-container\">\n\t\t\t\t\t<div class=\"elementor-image-box-wrapper\"><figure class=\"elementor-image-box-img\"><a href=\"https:\/\/electrx.com\/esp\/index.php\/contact-us\/\" tabindex=\"-1\"><img loading=\"lazy\" decoding=\"async\" width=\"900\" height=\"678\" src=\"https:\/\/electrx.com\/esp\/wp-content\/uploads\/2026\/01\/iStock-2152550961-web3.jpg\" class=\"attachment-full size-full wp-image-9933\" alt=\"\" srcset=\"https:\/\/electrx.com\/esp\/wp-content\/uploads\/2026\/01\/iStock-2152550961-web3.jpg 900w, https:\/\/electrx.com\/esp\/wp-content\/uploads\/2026\/01\/iStock-2152550961-web3-300x226.jpg 300w, https:\/\/electrx.com\/esp\/wp-content\/uploads\/2026\/01\/iStock-2152550961-web3-768x579.jpg 768w\" sizes=\"(max-width: 900px) 100vw, 900px\" \/><\/a><\/figure><div class=\"elementor-image-box-content\"><h3 class=\"elementor-image-box-title\"><a href=\"https:\/\/electrx.com\/esp\/index.php\/contact-us\/\">Cont\u00e1ctenos<\/a><\/h3><p class=\"elementor-image-box-description\">Estamos aqu\u00ed para ayudarle a ahorrar dinero mientras apoyamos a sus empleados para que se mantengan saludables.<br><\/p><\/div><\/div>\t\t\t\t<\/div>\n\t\t\t\t<\/div>\n\t\t\t\t<div class=\"elementor-element elementor-element-c810882 elementor-align-center elementor-widget elementor-widget-button\" data-id=\"c810882\" data-element_type=\"widget\" data-e-type=\"widget\" data-widget_type=\"button.default\">\n\t\t\t\t<div class=\"elementor-widget-container\">\n\t\t\t\t\t\t\t\t\t<div class=\"elementor-button-wrapper\">\n\t\t\t\t\t<a class=\"elementor-button elementor-button-link elementor-size-sm\" href=\"https:\/\/electrx.com\/esp\/index.php\/contact-us\/\">\n\t\t\t\t\t\t<span class=\"elementor-button-content-wrapper\">\n\t\t\t\t\t\t\t\t\t<span class=\"elementor-button-text\">M\u00e1s informaci\u00f3n<\/span>\n\t\t\t\t\t<\/span>\n\t\t\t\t\t<\/a>\n\t\t\t\t<\/div>\n\t\t\t\t\t\t\t\t<\/div>\n\t\t\t\t<\/div>\n\t\t\t\t<\/div>\n\t\t\t\t\t<\/div>\n\t\t\t\t<\/div>\n\t\t\t\t<\/div>\n\t\t","protected":false},"excerpt":{"rendered":"<p>Bienvenido a ElectRx Ahorre en grande. Mant\u00e9ngase saludable. M\u00e1s de 500,000 recetas m\u00e9dicas $250 millones en ahorros para nuestros clientes Servicio de atenci\u00f3n al cliente con sede en Estados Unidos Descubra c\u00f3mo ElectRx transforma el ahorro en medicamentos recetados. Dedique unos minutos a explorar el sitio web y vea c\u00f3mo nuestro programa funciona para reducir [&hellip;]<\/p>\n","protected":false},"author":1,"featured_media":0,"parent":0,"menu_order":0,"comment_status":"closed","ping_status":"closed","template":"elementor_header_footer","meta":{"_monsterinsights_skip_tracking":false,"_monsterinsights_sitenote_active":false,"_monsterinsights_sitenote_note":"","_monsterinsights_sitenote_category":0,"footnotes":""},"class_list":["post-4872","page","type-page","status-publish","hentry"],"_links":{"self":[{"href":"https:\/\/electrx.com\/esp\/wp-json\/wp\/v2\/pages\/4872","targetHints":{"allow":["GET"]}}],"collection":[{"href":"https:\/\/electrx.com\/esp\/wp-json\/wp\/v2\/pages"}],"about":[{"href":"https:\/\/electrx.com\/esp\/wp-json\/wp\/v2\/types\/page"}],"author":[{"embeddable":true,"href":"https:\/\/electrx.com\/esp\/wp-json\/wp\/v2\/users\/1"}],"replies":[{"embeddable":true,"href":"https:\/\/electrx.com\/esp\/wp-json\/wp\/v2\/comments?post=4872"}],"version-history":[{"count":116,"href":"https:\/\/electrx.com\/esp\/wp-json\/wp\/v2\/pages\/4872\/revisions"}],"predecessor-version":[{"id":10126,"href":"https:\/\/electrx.com\/esp\/wp-json\/wp\/v2\/pages\/4872\/revisions\/10126"}],"wp:attachment":[{"href":"https:\/\/electrx.com\/esp\/wp-json\/wp\/v2\/media?parent=4872"}],"curies":[{"name":"wp","href":"https:\/\/api.w.org\/{rel}","templated":true}]}}